{"id":61,"date":"2013-04-21T23:33:54","date_gmt":"2013-04-21T23:33:54","guid":{"rendered":"http:\/\/rubensvalenzuela.com\/web\/?page_id=61"},"modified":"2013-06-19T02:58:11","modified_gmt":"2013-06-19T02:58:11","slug":"cursos-y-charlas","status":"publish","type":"page","link":"http:\/\/rubensvalenzuela.com\/web\/cursos-y-charlas\/","title":{"rendered":"Cursos y charlas"},"content":{"rendered":"<h4>CURSOS, CL\u00cdNICAS, CHARLAS Y EVALUACIONES<\/h4>\n<p>Contamos para cualquiera de \u00e9stas opciones con la posibilidad de ampliar las mismas con la colaboraci\u00f3n de otros profesionales del f\u00fatbol (m\u00e9dicos, entrenadores, entrenadores de porteros, kinesi\u00f3logos, sic\u00f3logos, preparadores f\u00edsicos, etc.), ya sea nacionales o extranjeros.<\/p>\n<p><strong>-CURSOS SOBRE EL TRABAJO EN EL FUTBOL CON NI\u00d1OS Y JOVENES.<\/strong><\/p>\n<p>Con la finalidad de ofrecer un espacio de actualizaci\u00f3n y capacitaci\u00f3n, deseo promover la impartici\u00f3n de charlas o cursos con temas espec\u00edficos sobre el trabajo f\u00edsico-t\u00e9cnico en ni\u00f1os y j\u00f3venes.<\/p>\n<p><strong>La idea es ofrecer en ellas:<\/strong><\/p>\n<p>Planificaci\u00f3n \u00f3ptima del entrenamiento.<br \/>\nCaracter\u00edsticas del trabajo f\u00edsico \u2013 t\u00e9cnico para cada edad.<br \/>\nEjercicios.<br \/>\nObservaci\u00f3n de videos y dvd de trabajos pr\u00e1cticos.<br \/>\nEntrega de material para cada uno de los entrenadores o profesores que concurran.<br \/>\nRealizar una consulta con ellos para evaluar sus inquietudes, y a lo largo de las charlas o el curso atenderlas.<br \/>\nRealizaci\u00f3n de alguna sesi\u00f3n pr\u00e1ctica.<\/p>\n<p>Los d\u00edas, horarios y duraci\u00f3n, depender\u00e1n de las necesidades de los interesados.<\/p>\n<p>El costo ser\u00e1 en relaci\u00f3n a la cantidad de horas, al n\u00famero de interesados en recibir el curso, as\u00ed como del objetivo que tenga el mismo, etc.; se necesitar\u00e1 un lugar adecuado para impartirlo, que tenga buena infraestructura, con televisi\u00f3n, video, dvd, pizarr\u00f3n, un buen audio, etc.<\/p>\n<p>A cada persona que concurra se le entregar\u00e1 una carpeta con mi curr\u00edculo para que conozca mi trayectoria, experiencia y capacitaci\u00f3n por mi recibida.<\/p>\n<p>Se anexa tambi\u00e9n canchas diagramadas para que cada participante dibuje sus propios ejercicios, alguna planilla de entrenamiento diario, carta de recomendaciones a padres, alg\u00fan ejercicio espec\u00edfico, etc.<\/p>\n<p><strong>&#8211; CLINICAS.<\/strong><\/p>\n<p>Las llamamos as\u00ed por su alto contenido pr\u00e1ctico. Consisten en realizar y explicar los trabajos en cancha.<br \/>\nObviamente necesitamos de alumnos \/jugadores para el trabajo en la misma.<\/p>\n<p><strong>&#8211; CHARLAS.<\/strong><\/p>\n<p>Estamos a las \u00f3rdenes para realizar alguna charla en el curso de entrenadores o profesores, simposios, congresos, etc., sobre diferentes aspectos que rodean la preparaci\u00f3n del futbolista.<\/p>\n<p><strong>&#8211; EVALUACIONES.<\/strong><\/p>\n<p>Nos interesa de sobremanera \u00e9ste p\u00e1rrafo ya que nos permite obtener un diagn\u00f3stico de Perfil de Condici\u00f3n F\u00edsica de jugadores mexicanos de diferentes edades y zonas del pa\u00eds.<\/p>\n<p><strong>Algunas de las pruebas que realizamos son las siguientes:<\/strong><\/p>\n<p>Antropometr\u00edas<br \/>\nYo-Yo test (cada jugador con un puls\u00f3metro)<br \/>\nSaltabilidad (plataforma)<br \/>\nVelocidad<br \/>\nCourse Navette<br \/>\nCoordinaci\u00f3n<br \/>\nFlexibilidad.<br \/>\nControl durante un partido.<\/p>\n<p>y algunas otras a determinar con el C. T\u00e9cnico del equipo interesado en realizarlas.<br \/>\nLa mayor\u00eda de las pruebas son de campo ya que buscamos realizarlas en condiciones ambientales similares a las que el jugador lleva a cabo sus entrenamientos.<\/p>\n","protected":false},"excerpt":{"rendered":"<p>CURSOS, CL\u00cdNICAS, CHARLAS Y EVALUACIONES Contamos para cualquiera de \u00e9stas opciones con la posibilidad de ampliar las mismas con la colaboraci\u00f3n de otros profesionales del f\u00fatbol (m\u00e9dicos, entrenadores, entrenadores de porteros, kinesi\u00f3logos, sic\u00f3logos, preparadores f\u00edsicos, etc.), ya sea nacionales o extranjeros. -CURSOS SOBRE EL TRABAJO EN EL FUTBOL CON NI\u00d1OS Y JOVENES. Con la finalidad &#8230;<\/p>\n","protected":false},"author":1,"featured_media":0,"parent":0,"menu_order":0,"comment_status":"open","ping_status":"open","template":"","meta":{"_acf_changed":false,"footnotes":""},"yst_prominent_words":[126,394,171,374,273,375,405,93,85],"class_list":["post-61","page","type-page","status-publish","hentry"],"acf":[],"jetpack_likes_enabled":true,"jetpack_sharing_enabled":true,"_links":{"self":[{"href":"http:\/\/rubensvalenzuela.com\/web\/wp-json\/wp\/v2\/pages\/61","targetHints":{"allow":["GET"]}}],"collection":[{"href":"http:\/\/rubensvalenzuela.com\/web\/wp-json\/wp\/v2\/pages"}],"about":[{"href":"http:\/\/rubensvalenzuela.com\/web\/wp-json\/wp\/v2\/types\/page"}],"author":[{"embeddable":true,"href":"http:\/\/rubensvalenzuela.com\/web\/wp-json\/wp\/v2\/users\/1"}],"replies":[{"embeddable":true,"href":"http:\/\/rubensvalenzuela.com\/web\/wp-json\/wp\/v2\/comments?post=61"}],"version-history":[{"count":3,"href":"http:\/\/rubensvalenzuela.com\/web\/wp-json\/wp\/v2\/pages\/61\/revisions"}],"predecessor-version":[{"id":1549,"href":"http:\/\/rubensvalenzuela.com\/web\/wp-json\/wp\/v2\/pages\/61\/revisions\/1549"}],"wp:attachment":[{"href":"http:\/\/rubensvalenzuela.com\/web\/wp-json\/wp\/v2\/media?parent=61"}],"wp:term":[{"taxonomy":"yst_prominent_words","embeddable":true,"href":"http:\/\/rubensvalenzuela.com\/web\/wp-json\/wp\/v2\/yst_prominent_words?post=61"}],"curies":[{"name":"wp","href":"https:\/\/api.w.org\/{rel}","templated":true}]}}